{"id":141,"date":"2024-06-30T18:53:21","date_gmt":"2024-06-30T16:53:21","guid":{"rendered":"https:\/\/fundacja-dajszanse.pl\/?page_id=141"},"modified":"2024-06-30T19:35:44","modified_gmt":"2024-06-30T17:35:44","slug":"wplac-darowizne","status":"publish","type":"page","link":"https:\/\/fundacja-dajszanse.pl\/en\/wplac-darowizne\/","title":{"rendered":"(Polski) Wp\u0142a\u0107 darowizn\u0119"},"content":{"rendered":"<p class=\"qtranxs-available-languages-message qtranxs-available-languages-message-en\">Sorry, this entry is only available in <a href=\"https:\/\/fundacja-dajszanse.pl\/pl\/wp-json\/wp\/v2\/pages\/141\" class=\"qtranxs-available-language-link qtranxs-available-language-link-pl\" title=\"Polski\">Polski<\/a>.<\/p>","protected":false},"excerpt":{"rendered":"<p>Sorry, this entry is only available in Polski.<\/p>\n","protected":false},"author":1,"featured_media":0,"parent":0,"menu_order":0,"comment_status":"closed","ping_status":"closed","template":"template-parts\/page-template-full-width.php","meta":{"footnotes":""},"folder":[],"class_list":["post-141","page","type-page","status-publish","hentry"],"_links":{"self":[{"href":"https:\/\/fundacja-dajszanse.pl\/en\/wp-json\/wp\/v2\/pages\/141","targetHints":{"allow":["GET"]}}],"collection":[{"href":"https:\/\/fundacja-dajszanse.pl\/en\/wp-json\/wp\/v2\/pages"}],"about":[{"href":"https:\/\/fundacja-dajszanse.pl\/en\/wp-json\/wp\/v2\/types\/page"}],"author":[{"embeddable":true,"href":"https:\/\/fundacja-dajszanse.pl\/en\/wp-json\/wp\/v2\/users\/1"}],"replies":[{"embeddable":true,"href":"https:\/\/fundacja-dajszanse.pl\/en\/wp-json\/wp\/v2\/comments?post=141"}],"version-history":[{"count":2,"href":"https:\/\/fundacja-dajszanse.pl\/en\/wp-json\/wp\/v2\/pages\/141\/revisions"}],"predecessor-version":[{"id":170,"href":"https:\/\/fundacja-dajszanse.pl\/en\/wp-json\/wp\/v2\/pages\/141\/revisions\/170"}],"wp:attachment":[{"href":"https:\/\/fundacja-dajszanse.pl\/en\/wp-json\/wp\/v2\/media?parent=141"}],"wp:term":[{"taxonomy":"folder","embeddable":true,"href":"https:\/\/fundacja-dajszanse.pl\/en\/wp-json\/wp\/v2\/folder?post=141"}],"curies":[{"name":"wp","href":"https:\/\/api.w.org\/{rel}","templated":true}]}}